{"id":3,"date":"2021-08-17T07:09:22","date_gmt":"2021-08-17T07:09:22","guid":{"rendered":"https:\/\/shop.harmonyandbalance.se\/?page_id=3"},"modified":"2021-08-26T05:49:05","modified_gmt":"2021-08-26T05:49:05","slug":"privacy-policy","status":"publish","type":"page","link":"https:\/\/shop.harmonyandbalance.se\/index.php\/privacy-policy\/","title":{"rendered":"Sekretess- och integritetspolicy"},"content":{"rendered":"<p>N\u00e4r du anv\u00e4nder v\u00e5ra tj\u00e4nster s\u00e5 anf\u00f6rtror du oss dina uppgifter. I den h\u00e4r sekretesspolicyn anger vi vilka data vi samlar in, varf\u00f6r vi samlar in dessa data och hur dessa data anv\u00e4nds. Vi v\u00e4rnar om din personliga integritet och vill vara s\u00e5 tydliga som m\u00f6jligt med hur dina personuppgifter behandlas. Vi ger dig information om dina m\u00f6jligheter att f\u00e5 tillg\u00e5ng till dina sparade personuppgifter, hur du kan uppdatera dem och hur du kan radera dina personuppgifter.<\/p><ol class=\"wp-block-list\"><li>Information som vi samlar in<br>Genom att samla in information kan vi f\u00f6rb\u00e4ttra v\u00e5ra tj\u00e4nster f\u00f6r v\u00e5ra anv\u00e4ndare. Vi samlar in data som du ger oss och data som vi f\u00e5r n\u00e4r du anv\u00e4nder v\u00e5ra tj\u00e4nster.<\/li><\/ol><p>1.1 Information som du ger oss<br>N\u00e4r du handlar varor av oss ber vi dig om personuppgifter, exempelvis namn, e-postadress, telefonnummer, fakturaadress, leveransadress och organisationsnummer eller personnummer.<\/p><p>1.2 Information vi f\u00e5r n\u00e4r du handlar av oss<br>Vi samlar in information om vilka produkter du k\u00f6per och hur mycket du k\u00f6per.<\/p><p>Vi samlar in bes\u00f6ksstatistik med hj\u00e4lp av Google Analytics. Det h\u00e4r inneb\u00e4r att information om hur du anv\u00e4nder v\u00e5ra tj\u00e4nster sparas p\u00e5 Googles servrar, men denna information \u00e4r opersonlig, dvs det g\u00e5r inte att utl\u00e4sa vad en speciell person g\u00f6r.<\/p><p>1.2.1 Enhetsinformation<br>Vi samlar in information om den specifika enheten som anv\u00e4nds (till exempel maskinvarumodell, operativsystemets version, unikt enhets-ID och information om mobila n\u00e4tverk, inklusive telefonnummer).<\/p><p>1.2.2 Logginformation<br>N\u00e4r du anv\u00e4nder v\u00e5ra tj\u00e4nster eller visar inneh\u00e5ll som tillhandah\u00e5lls av oss samlas viss information in och sparas automatiskt i serverloggar. Loggdata inneh\u00e5ller f\u00f6ljande:<br>Information om hur du anv\u00e4nde v\u00e5r tj\u00e4nst, till exempel dina s\u00f6kfr\u00e5gor.<br>IP-adress.<br>Information om h\u00e4ndelser p\u00e5 din enhet s\u00e5som krascher, systemaktivitet, maskinvaruinst\u00e4llningar, webbl\u00e4sartyp, webbl\u00e4sarspr\u00e5k, datum och tid f\u00f6r din beg\u00e4ran och h\u00e4nvisningsadress.<br>Cookies som kan identifiera din webbl\u00e4sare.<\/p><p>1.2.3 Platsinformation<br>N\u00e4r du anv\u00e4nder v\u00e5ra tj\u00e4nster kan vi samla in och behandla information om var du befinner dig. Vi anv\u00e4nder olika tekniker f\u00f6r att best\u00e4mma din plats, inklusive IP-adress, GPS och andra sensordata fr\u00e5n din enhet som kan informera oss om Wi-Fi-\u00e5tkomstpunkter och mobilmaster i n\u00e4rheten.<\/p><p>1.2.4 Lokal lagring<br>Vi kan samla in och spara information (inklusive personuppgifter) lokalt p\u00e5 din enhet med hj\u00e4lp av funktioner som webbl\u00e4sarens lagringsutrymme (inklusive HTML 5) och programcacher.<\/p><p>1.2.5 Cookies och liknande teknik<br>Vi och v\u00e5ra aff\u00e4rspartners anv\u00e4nder olika tekniker f\u00f6r att samla in och spara information n\u00e4r du anv\u00e4nder v\u00e5ra tj\u00e4nster. Det kan inneb\u00e4ra att cookies eller liknande tekniker anv\u00e4nds f\u00f6r att identifiera din webbl\u00e4sare eller enhet. En cookie \u00e4r en liten fil som inneh\u00e5ller en teckenstr\u00e4ng som skickas till din dator n\u00e4r du bes\u00f6ker en webbplats.<\/p><ol class=\"wp-block-list\" start=\"2\"><li>Hur vi anv\u00e4nder information som vi samlar in<br>Information som vi samlar in fr\u00e5n v\u00e5ra tj\u00e4nster anv\u00e4nds f\u00f6r att tillhandah\u00e5lla, underh\u00e5lla, skydda och f\u00f6rb\u00e4ttra v\u00e5ra tj\u00e4nster, f\u00f6r att utveckla nya tj\u00e4nster och f\u00f6r att skydda oss och v\u00e5ra anv\u00e4ndare.<\/li><\/ol><p>Vi kan anv\u00e4nda din e-postadress f\u00f6r att informera dig om v\u00e5ra tj\u00e4nster, till exempel f\u00f6r att ber\u00e4tta om kommande \u00e4ndringar eller f\u00f6rb\u00e4ttringar.<\/p><p>N\u00e4r du har anm\u00e4lt dig till v\u00e5rt nyhetsbrev sparar vi, f\u00f6rutom ditt namn och din mailadress, ocks\u00e5 information om hur du svarar p\u00e5 v\u00e5ra utskick, t ex om du klickat p\u00e5 en l\u00e4nk i brevet.<\/p><p>Informationen som vi samlar in med hj\u00e4lp av cookies och annan teknik, t.ex. pixeltaggar, anv\u00e4nds f\u00f6r att f\u00f6rb\u00e4ttra anv\u00e4ndarupplevelsen och den \u00f6vergripande kvaliteten p\u00e5 v\u00e5ra tj\u00e4nster. En av produkterna som vi anv\u00e4nder f\u00f6r det \u00e4ndam\u00e5let i v\u00e5ra egna tj\u00e4nster \u00e4r Google Analytics. N\u00e4r vi visar anpassade annonser kommer vi inte att koppla identifierare fr\u00e5n cookies eller liknande tekniker till k\u00e4nsliga kategorier av personuppgifter, som till exempel s\u00e5dana som baseras p\u00e5 etnisk tillh\u00f6righet, religion, sexuell l\u00e4ggning eller h\u00e4lsotillst\u00e5nd.<\/p><p>Om vi vill anv\u00e4nda information i ett annat syfte \u00e4n vad som beskrivs i denna sekretesspolicy fr\u00e5gar vi f\u00f6rst efter ditt samtycke.<\/p><p>Vi hanterar personuppgifter och annan information p\u00e5 v\u00e5ra servrar i m\u00e5nga l\u00e4nder runt om i v\u00e4rlden. Dina personuppgifter kan hanteras p\u00e5 en server i ett annat land \u00e4n det du bor i.<\/p><ol class=\"wp-block-list\" start=\"3\"><li>\u00d6ppenhet och valm\u00f6jlighet<br>Vi vill vara tydliga med vilken information vi samlar in, s\u00e5 att du kan fatta v\u00e4lgrundade beslut om hur den f\u00e5r anv\u00e4ndas. Du kan till exempel g\u00f6ra f\u00f6ljande:<\/li><\/ol><p>Beg\u00e4ra att f\u00e5 all information om dina sparade personuppgifter. Maila oss: mail@h-b.se<br>Beg\u00e4ra att vi uppdaterar dina sparade personuppgifter. Maila oss: <meta charset=\"utf-8\">mail@h-b.se<br>Beg\u00e4ra att alla sparade personuppgifter om dig raderas. (OBS de uppgifter bokf\u00f6ringslagen kr\u00e4ver att vi sparar i 7 \u00e5r kan vi inte radera dessf\u00f6rinnan.)<br>Maila oss: <meta charset=\"utf-8\">mail@h-b.se<br>(V\u00e5r str\u00e4van \u00e4r att snarast och inom 3 arbetsdagar tillgodose dina \u00f6nskem\u00e5l ang\u00e5ende dina personuppgifter. N\u00e4r du tar bort information i v\u00e5ra tj\u00e4nster kan det ta ett tag innan kopior av den borttagna informationen f\u00f6rsvinner fr\u00e5n v\u00e5ra aktiva servrar. Dessutom kan informationen finnas kvar i v\u00e5ra s\u00e4kerhetskopieringssystem.)<br>Du kan st\u00e4nga av cookies genom att \u00e4ndra s\u00e4kerhetsinst\u00e4llningarna i webbl\u00e4saren och du kan ocks\u00e5 radera tidigare lagrade cookies via din webbl\u00e4sares inst\u00e4llningar. Kom ih\u00e5g att en del av v\u00e5ra tj\u00e4nster kan sluta fungera om du inaktiverar cookies.<\/p><ol class=\"wp-block-list\" start=\"4\"><li>Information som du delar<br>I en del av v\u00e5ra tj\u00e4nster kan du dela information med andra. Kom ih\u00e5g att denna information som du sj\u00e4lv delar offentligt \u00e4r du sj\u00e4lv ansvarig f\u00f6r.<\/li><li>Information som vi delar<br>Vi delar inte personuppgifter med f\u00f6retag, organisationer eller personer utanf\u00f6r Harmony &amp; Balance (H&amp;B) f\u00f6rutom i f\u00f6ljande situationer:<\/li><\/ol><p>6.1 Med ditt samtycke<br>Vi delar personuppgifter med f\u00f6retag, organisationer eller personer utanf\u00f6r H&amp;B om du har till\u00e5tit oss att g\u00f6ra det. Vi m\u00e5ste ha ditt aktiva samtycke f\u00f6r att kunna dela k\u00e4nsliga personuppgifter med andra.<\/p><p>6.2 F\u00f6r extern behandling<br>F\u00f6r att kunna fullg\u00f6ra avtal med v\u00e5ra kunder, t ex f\u00f6r att kunna leverera best\u00e4llda varor, vidarebefordrar vi personuppgifter till v\u00e5ra n\u00e4rst\u00e5ende bolag eller andra betrodda f\u00f6retag och personer som har i uppgift att behandla informationen f\u00f6r v\u00e5r r\u00e4kning, i enlighet med v\u00e5ra anvisningar, denna sekretesspolicy och alla andra l\u00e4mpliga \u00e5tg\u00e4rder f\u00f6r sekretess och s\u00e4kerhet.<\/p><p>6.3 Av juridiska sk\u00e4l<br>Vi delar personuppgifter med f\u00f6retag, organisationer eller personer utanf\u00f6r H&amp;B om vi har goda sk\u00e4l att tro att \u00e5tkomst, anv\u00e4ndning, bevarande eller avsl\u00f6jande av s\u00e5dana uppgifter i rimlig m\u00e5n \u00e4r n\u00f6dv\u00e4ndig f\u00f6r att:<br>f\u00f6lja till\u00e4mpliga lagar, regelverk, juridiska processer eller tvingande beg\u00e4randen fr\u00e5n myndigheter<br>garantera att g\u00e4llande anv\u00e4ndarvillkor f\u00f6ljs, inklusive utredning av eventuella brott mot dem<br>uppt\u00e4cka, f\u00f6rhindra eller p\u00e5 annat s\u00e4tt komma till r\u00e4tta med bedr\u00e4gerier, s\u00e4kerhetsproblem eller tekniska problem<br>skydda mot skador avseende r\u00e4ttigheter, egendom, s\u00e4kerhet, anv\u00e4ndare eller allm\u00e4nheten enligt vad som kr\u00e4vs eller till\u00e5ts enligt lag.<\/p><p>Vi kan dela uppgifter som inte kan kopplas till en specifik individ offentligt och med v\u00e5ra partner \u2013 t.ex. utgivare, annons\u00f6rer eller kopplade webbplatser. Vi kan till exempel dela information offentligt f\u00f6r att visa trender i hur v\u00e5ra tj\u00e4nster anv\u00e4nds rent allm\u00e4nt.<\/p><p>Om H&amp;B skulle involveras i en sammanslagning, ett f\u00f6rv\u00e4rv eller n\u00e5gon annan form av f\u00f6rs\u00e4ljning kommer vi att s\u00e4kerst\u00e4lla konfidentialiteten f\u00f6r alla personuppgifter och meddela ber\u00f6rda anv\u00e4ndare innan deras uppgifter \u00f6verf\u00f6rs eller faller under n\u00e5gon annan sekretesspolicy.<\/p><ol class=\"wp-block-list\" start=\"7\"><li>Informationss\u00e4kerhet<br>Vi arbetar st\u00e4ndigt f\u00f6r att skydda H&amp;B och v\u00e5ra anv\u00e4ndare fr\u00e5n obeh\u00f6rig \u00e5tkomst eller obeh\u00f6riga \u00e4ndringar som kan avsl\u00f6ja eller f\u00f6rst\u00f6ra information som vi innehar.<\/li><\/ol><p>Vi krypterar m\u00e5nga av v\u00e5ra tj\u00e4nster med SSL.<br>Vi granskar v\u00e5ra rutiner f\u00f6r insamling, lagring och behandling av data, inklusive fysiska s\u00e4kerhets\u00e5tg\u00e4rder, i syfte att skydda mot obeh\u00f6rig \u00e5tkomst till system.<br>Vi begr\u00e4nsar \u00e5tkomst till personuppgifter till v\u00e5ra anst\u00e4llda, leverant\u00f6rer och agenter som beh\u00f6ver uppgifterna f\u00f6r att kunna behandla dem p\u00e5 uppdrag av oss. De \u00e4r precis som vi skyldiga att arbeta med sekretess och personlig integritet enligt datalagen.<\/p><ol class=\"wp-block-list\" start=\"8\"><li>F\u00f6r\u00e4ndringar<br>V\u00e5r sekretesspolicy kan \u00e4ndras fr\u00e5n tid till annan och eventuella \u00e4ndringar kommer att publiceras p\u00e5 denna sida, om \u00e4ndringarna \u00e4r betydande kommer vi att tillhandah\u00e5lla ett mer framtr\u00e4dande meddelande. Om \u00e4ndringen ber\u00f6r kundens personliga integritet g\u00f6rs ingen \u00e4ndring utan kundens aktiva medgivande.<\/li><\/ol>","protected":false},"excerpt":{"rendered":"<p>N\u00e4r du anv\u00e4nder v\u00e5ra tj\u00e4nster s\u00e5 anf\u00f6rtror du oss dina uppgifter. I den h\u00e4r sekretesspolicyn anger vi vilka data vi samlar in, varf\u00f6r vi samlar in dessa data och hur dessa data anv\u00e4nds. Vi v\u00e4rnar om din personliga integritet och vill vara s\u00e5 tydliga som m\u00f6jligt med hur dina personuppgifter behandlas. Vi ger dig information [&hellip;]<\/p>\n","protected":false},"author":1,"featured_media":0,"parent":0,"menu_order":0,"comment_status":"closed","ping_status":"open","template":"","meta":{"footnotes":""},"class_list":["post-3","page","type-page","status-publish","hentry"],"_links":{"self":[{"href":"https:\/\/shop.harmonyandbalance.se\/index.php\/wp-json\/wp\/v2\/pages\/3","targetHints":{"allow":["GET"]}}],"collection":[{"href":"https:\/\/shop.harmonyandbalance.se\/index.php\/wp-json\/wp\/v2\/pages"}],"about":[{"href":"https:\/\/shop.harmonyandbalance.se\/index.php\/wp-json\/wp\/v2\/types\/page"}],"author":[{"embeddable":true,"href":"https:\/\/shop.harmonyandbalance.se\/index.php\/wp-json\/wp\/v2\/users\/1"}],"replies":[{"embeddable":true,"href":"https:\/\/shop.harmonyandbalance.se\/index.php\/wp-json\/wp\/v2\/comments?post=3"}],"version-history":[{"count":1,"href":"https:\/\/shop.harmonyandbalance.se\/index.php\/wp-json\/wp\/v2\/pages\/3\/revisions"}],"predecessor-version":[{"id":102,"href":"https:\/\/shop.harmonyandbalance.se\/index.php\/wp-json\/wp\/v2\/pages\/3\/revisions\/102"}],"wp:attachment":[{"href":"https:\/\/shop.harmonyandbalance.se\/index.php\/wp-json\/wp\/v2\/media?parent=3"}],"curies":[{"name":"wp","href":"https:\/\/api.w.org\/{rel}","templated":true}]}}